{"id":122,"date":"2023-10-29T09:10:03","date_gmt":"2023-10-29T09:10:03","guid":{"rendered":"https:\/\/unika-design.fr\/?page_id=122"},"modified":"2024-02-01T09:55:59","modified_gmt":"2024-02-01T09:55:59","slug":"contact","status":"publish","type":"page","link":"https:\/\/unika-design.fr\/?page_id=122","title":{"rendered":"Contact"},"content":{"rendered":"<section class=\"bde-section-122-100 bde-section\">\n  \n\t\n\n\n\n<div class=\"section-container\"><div class=\"bde-columns-122-111 bde-columns\"><div class=\"bde-column-122-113 bde-column\">\n  \n\t\n\n\n\n<div class=\"bde-div-122-114 bde-div\">\n  \n\t\n\n\n\n\n<\/div>\n<\/div><div class=\"bde-column-122-116 bde-column\">\n  \n\t\n\n\n\n<div class=\"bde-div-122-117 bde-div\" data-entrance=\"fade\">\n  \n\t\n\n\n\n<h1 class=\"bde-heading-122-118 bde-heading\">\nContact\n<\/h1><div class=\"bde-fancy-divider-122-122 bde-fancy-divider\">\n\n\n<div class=\"bde-fancy-divider__wrapper\">\n  <div class=\"bde-fancy-divider__separator   \">\n  \t  <\/div>\n<\/div>\n\n<\/div><div class=\"bde-rich-text-122-119 bde-rich-text breakdance-rich-text-styles\">\n<p><strong>Adresse<\/strong> <br>9 Av. de Lattre de Tassigny, 57000 Metz<\/p><p><strong>Num\u00e9ro de t\u00e9l\u00e9phone<\/strong> <br>06 42 46 48 12<\/p><p><strong>Adresse e-mail <\/strong><br>contact@unika-design.fr<\/p>\n<\/div>\n<\/div>\n<\/div><div class=\"bde-column-122-112 bde-column\">\n  \n\t\n\n\n\n<div class=\"bde-google-map-122-109 bde-google-map\">\n\r\n<iframe width=\"100%\" height=\"100%\" style=\"border:0\" loading=\"lazy\" title=\"Map\" src=\"https:\/\/maps.google.com\/maps?q=Unika%2C+9+Av.+de+Lattre+de+Tassigny%2C+57000+Metz&t=m&z=14&output=embed&iwloc=near\" allowfullscreen><\/iframe>\n\n<\/div>\n<\/div><\/div><\/div>\n<\/section>","protected":false},"excerpt":{"rendered":"<p>Contact Adresse 9 Av. de Lattre de Tassigny, 57000 MetzNum\u00e9ro de t\u00e9l\u00e9phone 06 42 46 48 12Adresse e-mail contact@unika-design.fr<\/p>\n","protected":false},"author":1,"featured_media":0,"parent":0,"menu_order":0,"comment_status":"closed","ping_status":"closed","template":"","meta":{"footnotes":"","_breakdance_hide_in_design_set":false,"_breakdance_tags":""},"aioseo_notices":[],"_links":{"self":[{"href":"https:\/\/unika-design.fr\/index.php?rest_route=\/wp\/v2\/pages\/122"}],"collection":[{"href":"https:\/\/unika-design.fr\/index.php?rest_route=\/wp\/v2\/pages"}],"about":[{"href":"https:\/\/unika-design.fr\/index.php?rest_route=\/wp\/v2\/types\/page"}],"author":[{"embeddable":true,"href":"https:\/\/unika-design.fr\/index.php?rest_route=\/wp\/v2\/users\/1"}],"replies":[{"embeddable":true,"href":"https:\/\/unika-design.fr\/index.php?rest_route=%2Fwp%2Fv2%2Fcomments&post=122"}],"version-history":[{"count":18,"href":"https:\/\/unika-design.fr\/index.php?rest_route=\/wp\/v2\/pages\/122\/revisions"}],"predecessor-version":[{"id":342,"href":"https:\/\/unika-design.fr\/index.php?rest_route=\/wp\/v2\/pages\/122\/revisions\/342"}],"wp:attachment":[{"href":"https:\/\/unika-design.fr\/index.php?rest_route=%2Fwp%2Fv2%2Fmedia&parent=122"}],"curies":[{"name":"wp","href":"https:\/\/api.w.org\/{rel}","templated":true}]}}