{"id":118,"date":"2023-10-29T09:09:39","date_gmt":"2023-10-29T09:09:39","guid":{"rendered":"https:\/\/unika-design.fr\/?page_id=118"},"modified":"2023-12-18T11:16:27","modified_gmt":"2023-12-18T11:16:27","slug":"services","status":"publish","type":"page","link":"https:\/\/unika-design.fr\/?page_id=118","title":{"rendered":"Services"},"content":{"rendered":"<section class=\"bde-section-118-100 bde-section\">\n  \n\t\n\n\n\n<div class=\"section-container\"><div class=\"bde-grid-118-101 bde-grid\">\n  \n\t\n\n\n\n<div class=\"bde-div-118-102 bde-div\" data-parallax=\"true\">\n  \n\t\n\n\n\n<div class=\"bde-image-118-103 bde-image\">\n<figure class=\"breakdance-image breakdance-image--152\">\n\t<div class=\"breakdance-image-container\">\n\t\t<div class=\"breakdance-image-clip\"><img loading=\"lazy\" decoding=\"async\" class=\"breakdance-image-object\" src=\"http:\/\/unika-design.fr\/wp-content\/uploads\/2023\/11\/image-site-2-scaled.jpg\" width=\"2560\" height=\"1664\" srcset=\"https:\/\/unika-design.fr\/wp-content\/uploads\/2023\/11\/image-site-2-scaled.jpg 2560w, https:\/\/unika-design.fr\/wp-content\/uploads\/2023\/11\/image-site-2-300x195.jpg 300w, https:\/\/unika-design.fr\/wp-content\/uploads\/2023\/11\/image-site-2-1024x666.jpg 1024w, https:\/\/unika-design.fr\/wp-content\/uploads\/2023\/11\/image-site-2-768x499.jpg 768w, https:\/\/unika-design.fr\/wp-content\/uploads\/2023\/11\/image-site-2-1536x998.jpg 1536w, https:\/\/unika-design.fr\/wp-content\/uploads\/2023\/11\/image-site-2-2048x1331.jpg 2048w\" sizes=\"(max-width: 2560px) 100vw, 2560px\"><\/div>\n\t<\/div><\/figure>\n\n<\/div>\n<\/div><div class=\"bde-div-118-104 bde-div\">\n  \n\t\n\n\n\n<div class=\"bde-div-118-105 bde-div\" data-entrance=\"fade\">\n  \n\t\n\n\n\n<h1 class=\"bde-heading-118-106 bde-heading\">\nNos Services\u00a0\u00a0\n<\/h1><div class=\"bde-text-118-107 bde-text\">\nChaque espace a une histoire, chaque pi\u00e8ce a son potentiel. Nous mettons notre expertise \u00e0 votre service pour donner vie \u00e0 vos visions. De la premi\u00e8re esquisse \u00e0 la r\u00e9alisation finale, d\u00e9couvrez comment nous pouvons transformer votre int\u00e9rieur.\n<\/div>\n<\/div><div class=\"bde-grid-118-108 bde-grid\" data-entrance=\"fade\">\n  \n\t\n\n\n\n<div class=\"bde-div-118-109 bde-div\">\n  \n\t\n\n\n\n<div class=\"bde-fancy-divider-118-110 bde-fancy-divider\">\n\n\n<div class=\"bde-fancy-divider__wrapper\">\n  <div class=\"bde-fancy-divider__separator   \">\n  \t  <\/div>\n<\/div>\n\n<\/div>\n<\/div><div class=\"bde-div-118-111 bde-div\">\n  \n\t\n\n\n\n<div class=\"bde-button-118-112 bde-button\">\n    \n                                    \n    \n    \n    \n    \n            \n                    \n            \n            \n\n    \n    \n    \n    \n    \n    <a class=\"breakdance-link button-atom button-atom--primary bde-button__button\" href=\"https:\/\/unika-design.fr\/#section\" target=\"_self\" data-type=\"url\"  >\n\n    \n        <span class=\"button-atom__text\">Decouvrir<\/span>\n\n        \n        \n                <\/a>\n\n    \n\n\n<\/div>\n<\/div>\n<\/div>\n<\/div><div class=\"bde-div-118-113 bde-div\" data-parallax=\"true\">\n  \n\t\n\n\n\n<div class=\"bde-image-118-114 bde-image\">\n<figure class=\"breakdance-image breakdance-image--315\">\n\t<div class=\"breakdance-image-container\">\n\t\t<div class=\"breakdance-image-clip\"><img loading=\"lazy\" decoding=\"async\" class=\"breakdance-image-object\" src=\"http:\/\/unika-design.fr\/wp-content\/uploads\/2023\/12\/hourcom.studio_a_bed_with_white_sheets_and_a_single_vase_on_t_47ada5b0-c5c3-49d8-9893-6810765f7603_0.png\" width=\"896\" height=\"1344\" srcset=\"https:\/\/unika-design.fr\/wp-content\/uploads\/2023\/12\/hourcom.studio_a_bed_with_white_sheets_and_a_single_vase_on_t_47ada5b0-c5c3-49d8-9893-6810765f7603_0.png 896w, https:\/\/unika-design.fr\/wp-content\/uploads\/2023\/12\/hourcom.studio_a_bed_with_white_sheets_and_a_single_vase_on_t_47ada5b0-c5c3-49d8-9893-6810765f7603_0-200x300.png 200w, https:\/\/unika-design.fr\/wp-content\/uploads\/2023\/12\/hourcom.studio_a_bed_with_white_sheets_and_a_single_vase_on_t_47ada5b0-c5c3-49d8-9893-6810765f7603_0-683x1024.png 683w, https:\/\/unika-design.fr\/wp-content\/uploads\/2023\/12\/hourcom.studio_a_bed_with_white_sheets_and_a_single_vase_on_t_47ada5b0-c5c3-49d8-9893-6810765f7603_0-768x1152.png 768w\" sizes=\"(max-width: 896px) 100vw, 896px\"><\/div>\n\t<\/div><\/figure>\n\n<\/div>\n<\/div>\n<\/div><\/div>\n<\/section><section id=\"section\" class=\"bde-section-118-115 bde-section\">\n  \n\t\n\n\n\n<div class=\"section-container\"><div class=\"bde-columns-118-116 bde-columns\"><div class=\"bde-column-118-117 bde-column\">\n  \n\t\n\n\n\n<div class=\"bde-image-118-119 bde-image\">\n<figure class=\"breakdance-image breakdance-image--309\">\n\t<div class=\"breakdance-image-container\">\n\t\t<div class=\"breakdance-image-clip\"><img loading=\"lazy\" decoding=\"async\" class=\"breakdance-image-object\" src=\"http:\/\/unika-design.fr\/wp-content\/uploads\/2023\/12\/don-kaveen-C-bUN_XxD-I-unsplash-scaled.jpg\" width=\"2048\" height=\"2560\" srcset=\"https:\/\/unika-design.fr\/wp-content\/uploads\/2023\/12\/don-kaveen-C-bUN_XxD-I-unsplash-scaled.jpg 2048w, https:\/\/unika-design.fr\/wp-content\/uploads\/2023\/12\/don-kaveen-C-bUN_XxD-I-unsplash-240x300.jpg 240w, https:\/\/unika-design.fr\/wp-content\/uploads\/2023\/12\/don-kaveen-C-bUN_XxD-I-unsplash-819x1024.jpg 819w, https:\/\/unika-design.fr\/wp-content\/uploads\/2023\/12\/don-kaveen-C-bUN_XxD-I-unsplash-768x960.jpg 768w, https:\/\/unika-design.fr\/wp-content\/uploads\/2023\/12\/don-kaveen-C-bUN_XxD-I-unsplash-1229x1536.jpg 1229w, https:\/\/unika-design.fr\/wp-content\/uploads\/2023\/12\/don-kaveen-C-bUN_XxD-I-unsplash-1638x2048.jpg 1638w\" sizes=\"(max-width: 2048px) 100vw, 2048px\"><\/div>\n\t<\/div><\/figure>\n\n<\/div>\n<\/div><div class=\"bde-column-118-118 bde-column\">\n  \n\t\n\n\n\n<h2 class=\"bde-heading-118-120 bde-heading\">\nR\u00e9habilitation et r\u00e9am\u00e9nagement\n<\/h2><div class=\"bde-text-118-121 bde-text\">\nR\u00e9nover sans perdre l'\u00e2me d'un lieu, voil\u00e0 notre promesse. D\u00e9couvrez comment nous avons transform\u00e9 des espaces d\u00e9laiss\u00e9s en pi\u00e8ces ma\u00eetresses.\n<\/div>\n<\/div><\/div><\/div>\n<\/section><section class=\"bde-section-118-129 bde-section\">\n  \n\t\n\n\n\n<div class=\"section-container\"><div class=\"bde-columns-118-130 bde-columns\"><div class=\"bde-column-118-133 bde-column\">\n  \n\t\n\n\n\n<h2 class=\"bde-heading-118-134 bde-heading\">\nConception 3D et plans\n<\/h2><div class=\"bde-text-118-135 bde-text\">\nGr\u00e2ce \u00e0 nos outils de conception 3D, plongez au c\u0153ur de votre futur espace avant m\u00eame le d\u00e9but des travaux. Une garantie de satisfaction.\n<\/div>\n<\/div><div class=\"bde-column-118-131 bde-column\">\n  \n\t\n\n\n\n<div class=\"bde-image-118-132 bde-image\">\n<figure class=\"breakdance-image breakdance-image--320\">\n\t<div class=\"breakdance-image-container\">\n\t\t<div class=\"breakdance-image-clip\"><img loading=\"lazy\" decoding=\"async\" class=\"breakdance-image-object\" src=\"http:\/\/unika-design.fr\/wp-content\/uploads\/2023\/12\/sven-mieke-fteR0e2BzKo-unsplash-scaled.jpg\" width=\"2560\" height=\"1707\" srcset=\"https:\/\/unika-design.fr\/wp-content\/uploads\/2023\/12\/sven-mieke-fteR0e2BzKo-unsplash-scaled.jpg 2560w, https:\/\/unika-design.fr\/wp-content\/uploads\/2023\/12\/sven-mieke-fteR0e2BzKo-unsplash-300x200.jpg 300w, https:\/\/unika-design.fr\/wp-content\/uploads\/2023\/12\/sven-mieke-fteR0e2BzKo-unsplash-1024x683.jpg 1024w, https:\/\/unika-design.fr\/wp-content\/uploads\/2023\/12\/sven-mieke-fteR0e2BzKo-unsplash-768x512.jpg 768w, https:\/\/unika-design.fr\/wp-content\/uploads\/2023\/12\/sven-mieke-fteR0e2BzKo-unsplash-1536x1024.jpg 1536w, https:\/\/unika-design.fr\/wp-content\/uploads\/2023\/12\/sven-mieke-fteR0e2BzKo-unsplash-2048x1365.jpg 2048w\" sizes=\"(max-width: 2560px) 100vw, 2560px\"><\/div>\n\t<\/div><\/figure>\n\n<\/div>\n<\/div><\/div><\/div>\n<\/section><section class=\"bde-section-118-136 bde-section\">\n  \n\t\n\n\n\n<div class=\"section-container\"><div class=\"bde-columns-118-137 bde-columns\"><div class=\"bde-column-118-141 bde-column\">\n  \n\t\n\n\n\n<div class=\"bde-image-118-142 bde-image\">\n<figure class=\"breakdance-image breakdance-image--306\">\n\t<div class=\"breakdance-image-container\">\n\t\t<div class=\"breakdance-image-clip\"><img loading=\"lazy\" decoding=\"async\" class=\"breakdance-image-object\" src=\"http:\/\/unika-design.fr\/wp-content\/uploads\/2023\/12\/hourcom.studio_an_elegant_modern_living_room_with_white_upholst_00a3e5cc-6850-4ccb-b5e9-57264463cb49.png\" width=\"1024\" height=\"1024\" srcset=\"https:\/\/unika-design.fr\/wp-content\/uploads\/2023\/12\/hourcom.studio_an_elegant_modern_living_room_with_white_upholst_00a3e5cc-6850-4ccb-b5e9-57264463cb49.png 1024w, https:\/\/unika-design.fr\/wp-content\/uploads\/2023\/12\/hourcom.studio_an_elegant_modern_living_room_with_white_upholst_00a3e5cc-6850-4ccb-b5e9-57264463cb49-300x300.png 300w, https:\/\/unika-design.fr\/wp-content\/uploads\/2023\/12\/hourcom.studio_an_elegant_modern_living_room_with_white_upholst_00a3e5cc-6850-4ccb-b5e9-57264463cb49-150x150.png 150w, https:\/\/unika-design.fr\/wp-content\/uploads\/2023\/12\/hourcom.studio_an_elegant_modern_living_room_with_white_upholst_00a3e5cc-6850-4ccb-b5e9-57264463cb49-768x768.png 768w\" sizes=\"(max-width: 1024px) 100vw, 1024px\"><\/div>\n\t<\/div><\/figure>\n\n<\/div>\n<\/div><div class=\"bde-column-118-138 bde-column\">\n  \n\t\n\n\n\n<h2 class=\"bde-heading-118-139 bde-heading\">\nRestructuration des volumes\n<\/h2><div class=\"bde-text-118-140 bde-text\">\nRepenser les volumes pour une meilleure circulation et utilisation de l'espace. D\u00e9couvrez nos solutions pour un chez-vous vraiment sur mesure.\n<\/div>\n<\/div><\/div><\/div>\n<\/section><section class=\"bde-section-118-150 bde-section\">\n  \n\t\n\n\n\n<div class=\"section-container\"><div class=\"bde-columns-118-151 bde-columns\"><div class=\"bde-column-118-154 bde-column\">\n  \n\t\n\n\n\n<h2 class=\"bde-heading-118-155 bde-heading\">\nAgencement et am\u00e9nagement\n<\/h2><div class=\"bde-text-118-156 bde-text\">\nDes meubles s\u00e9lectionn\u00e9s aux couleurs choisies, chaque d\u00e9tail compte. Notre expertise vous guide dans chaque choix pour un int\u00e9rieur harmonieux et fonctionnel.\n<\/div>\n<\/div><div class=\"bde-column-118-152 bde-column\">\n  \n\t\n\n\n\n<div class=\"bde-image-118-153 bde-image\">\n<figure class=\"breakdance-image breakdance-image--131\">\n\t<div class=\"breakdance-image-container\">\n\t\t<div class=\"breakdance-image-clip\"><img loading=\"lazy\" decoding=\"async\" class=\"breakdance-image-object\" src=\"http:\/\/unika-design.fr\/wp-content\/uploads\/2023\/10\/alona-gross-qtoMPyiIBPA-unsplash-scaled.jpg\" width=\"1792\" height=\"2560\" srcset=\"https:\/\/unika-design.fr\/wp-content\/uploads\/2023\/10\/alona-gross-qtoMPyiIBPA-unsplash-scaled.jpg 1792w, https:\/\/unika-design.fr\/wp-content\/uploads\/2023\/10\/alona-gross-qtoMPyiIBPA-unsplash-210x300.jpg 210w, https:\/\/unika-design.fr\/wp-content\/uploads\/2023\/10\/alona-gross-qtoMPyiIBPA-unsplash-717x1024.jpg 717w, https:\/\/unika-design.fr\/wp-content\/uploads\/2023\/10\/alona-gross-qtoMPyiIBPA-unsplash-768x1097.jpg 768w, https:\/\/unika-design.fr\/wp-content\/uploads\/2023\/10\/alona-gross-qtoMPyiIBPA-unsplash-1075x1536.jpg 1075w, https:\/\/unika-design.fr\/wp-content\/uploads\/2023\/10\/alona-gross-qtoMPyiIBPA-unsplash-1434x2048.jpg 1434w\" sizes=\"(max-width: 1792px) 100vw, 1792px\"><\/div>\n\t<\/div><\/figure>\n\n<\/div>\n<\/div><\/div><\/div>\n<\/section><section class=\"bde-section-118-171 bde-section\">\n  \n\t\n\n\n\n<div class=\"section-container\"><div class=\"bde-columns-118-172 bde-columns\"><div class=\"bde-column-118-176 bde-column\">\n  \n\t\n\n\n\n<div class=\"bde-image-118-177 bde-image\">\n<figure class=\"breakdance-image breakdance-image--308\">\n\t<div class=\"breakdance-image-container\">\n\t\t<div class=\"breakdance-image-clip\"><img loading=\"lazy\" decoding=\"async\" class=\"breakdance-image-object\" src=\"http:\/\/unika-design.fr\/wp-content\/uploads\/2023\/12\/alona-gross-k5OHy1i1nWE-unsplash-scaled.jpg\" width=\"1792\" height=\"2560\" srcset=\"https:\/\/unika-design.fr\/wp-content\/uploads\/2023\/12\/alona-gross-k5OHy1i1nWE-unsplash-scaled.jpg 1792w, https:\/\/unika-design.fr\/wp-content\/uploads\/2023\/12\/alona-gross-k5OHy1i1nWE-unsplash-210x300.jpg 210w, https:\/\/unika-design.fr\/wp-content\/uploads\/2023\/12\/alona-gross-k5OHy1i1nWE-unsplash-717x1024.jpg 717w, https:\/\/unika-design.fr\/wp-content\/uploads\/2023\/12\/alona-gross-k5OHy1i1nWE-unsplash-768x1097.jpg 768w, https:\/\/unika-design.fr\/wp-content\/uploads\/2023\/12\/alona-gross-k5OHy1i1nWE-unsplash-1075x1536.jpg 1075w, https:\/\/unika-design.fr\/wp-content\/uploads\/2023\/12\/alona-gross-k5OHy1i1nWE-unsplash-1434x2048.jpg 1434w\" sizes=\"(max-width: 1792px) 100vw, 1792px\"><\/div>\n\t<\/div><\/figure>\n\n<\/div>\n<\/div><div class=\"bde-column-118-173 bde-column\">\n  \n\t\n\n\n\n<h2 class=\"bde-heading-118-174 bde-heading\">\nD\u00e9coration\n<\/h2><div class=\"bde-text-118-175 bde-text\">\nLa d\u00e9coration donne vie \u00e0 un espace. Qu'il s'agisse d'un objet artisanal ou d'une pi\u00e8ce design, nous trouvons ce petit plus qui rend votre int\u00e9rieur unique.\n<\/div>\n<\/div><\/div><\/div>\n<\/section><section class=\"bde-section-118-164 bde-section\">\n  \n\t\n\n\n\n<div class=\"section-container\"><div class=\"bde-columns-118-165 bde-columns\"><div class=\"bde-column-118-166 bde-column\">\n  \n\t\n\n\n\n<h2 class=\"bde-heading-118-167 bde-heading\">\nCoordination de chantier\n<\/h2><div class=\"bde-text-118-168 bde-text\">\nDe la coordination des artisans \u00e0 la supervision des travaux, nous veillons \u00e0 ce que tout se d\u00e9roule sans accroc. Votre s\u00e9r\u00e9nit\u00e9, notre priorit\u00e9.\n<\/div>\n<\/div><div class=\"bde-column-118-169 bde-column\">\n  \n\t\n\n\n\n<div class=\"bde-image-118-170 bde-image\">\n<figure class=\"breakdance-image breakdance-image--317\">\n\t<div class=\"breakdance-image-container\">\n\t\t<div class=\"breakdance-image-clip\"><img loading=\"lazy\" decoding=\"async\" class=\"breakdance-image-object\" src=\"http:\/\/unika-design.fr\/wp-content\/uploads\/2023\/12\/giulia-squillace-P1nKvKqkXGk-unsplash-scaled.jpg\" width=\"1707\" height=\"2560\" srcset=\"https:\/\/unika-design.fr\/wp-content\/uploads\/2023\/12\/giulia-squillace-P1nKvKqkXGk-unsplash-scaled.jpg 1707w, https:\/\/unika-design.fr\/wp-content\/uploads\/2023\/12\/giulia-squillace-P1nKvKqkXGk-unsplash-200x300.jpg 200w, https:\/\/unika-design.fr\/wp-content\/uploads\/2023\/12\/giulia-squillace-P1nKvKqkXGk-unsplash-683x1024.jpg 683w, https:\/\/unika-design.fr\/wp-content\/uploads\/2023\/12\/giulia-squillace-P1nKvKqkXGk-unsplash-768x1152.jpg 768w, https:\/\/unika-design.fr\/wp-content\/uploads\/2023\/12\/giulia-squillace-P1nKvKqkXGk-unsplash-1024x1536.jpg 1024w, https:\/\/unika-design.fr\/wp-content\/uploads\/2023\/12\/giulia-squillace-P1nKvKqkXGk-unsplash-1365x2048.jpg 1365w\" sizes=\"(max-width: 1707px) 100vw, 1707px\"><\/div>\n\t<\/div><\/figure>\n\n<\/div>\n<\/div><\/div><\/div>\n<\/section><div class=\"bde-globalblock-118-178 bde-globalblock\">\n<div id=\"section\" class=\"bde-div-215-100-215-1 bde-div bde-div-215-100\">\n              \n  \n\t\n\n  <div class=\"section-background-overlay\"><\/div>\n\n\n<div class=\"bde-div-215-101-215-1 bde-div bde-div-215-101\">\n  \n\t\n\n\n\n<h2 class=\"bde-heading-215-102-215-1 bde-heading bde-heading-215-102\">\nParlez-nous de votre projet d\u00e8s maintenant !\n<\/h2><div class=\"bde-text-215-103-215-1 bde-text bde-text-215-103\">\nVous avez des questions ou besoin d'un devis pour votre projet ? Contactez-nous et notre \u00e9quipe vous r\u00e9pondra dans les plus brefs d\u00e9lais.\n<\/div><div class=\"bde-grid-215-104-215-1 bde-grid bde-grid-215-104\" data-entrance=\"fade\">\n  \n\t\n\n\n\n<div class=\"bde-div-215-105-215-1 bde-div bde-div-215-105\">\n  \n\t\n\n\n\n<div class=\"bde-fancy-divider-215-106-215-1 bde-fancy-divider bde-fancy-divider-215-106\">\n\n\n<div class=\"bde-fancy-divider__wrapper\">\n  <div class=\"bde-fancy-divider__separator   \">\n  \t  <\/div>\n<\/div>\n\n<\/div>\n<\/div><div class=\"bde-div-215-107-215-1 bde-div bde-div-215-107\">\n  \n\t\n\n\n\n<div class=\"bde-button-215-108-215-1 bde-button bde-button-215-108\">\n    \n                                    \n    \n    \n    \n    \n            \n                    \n            \n            \n\n    \n    \n    \n    \n    \n    <a class=\"breakdance-link button-atom button-atom--primary bde-button__button\" href=\"https:\/\/unika-design.fr\/?page_id=122\" target=\"_self\" data-type=\"url\"  >\n\n    \n        <span class=\"button-atom__text\">Contact<\/span>\n\n        \n        \n                <\/a>\n\n    \n\n\n<\/div>\n<\/div>\n<\/div>\n<\/div>\n<\/div>\n<\/div>","protected":false},"excerpt":{"rendered":"<p>Nos Services\u00a0\u00a0 Chaque espace a une histoire, chaque pi\u00e8ce a son potentiel. Nous mettons notre expertise \u00e0 votre service pour donner vie \u00e0 vos visions. De la premi\u00e8re esquisse \u00e0 la r\u00e9alisation finale, d\u00e9couvrez comment nous pouvons transformer votre int\u00e9rieur. Decouvrir R\u00e9habilitation et r\u00e9am\u00e9nagement R\u00e9nover sans perdre l&rsquo;\u00e2me d&rsquo;un lieu, voil\u00e0 notre promesse. D\u00e9couvrez comment [&hellip;]<\/p>\n","protected":false},"author":1,"featured_media":0,"parent":0,"menu_order":0,"comment_status":"closed","ping_status":"closed","template":"","meta":{"footnotes":"","_breakdance_hide_in_design_set":false,"_breakdance_tags":""},"aioseo_notices":[],"_links":{"self":[{"href":"https:\/\/unika-design.fr\/index.php?rest_route=\/wp\/v2\/pages\/118"}],"collection":[{"href":"https:\/\/unika-design.fr\/index.php?rest_route=\/wp\/v2\/pages"}],"about":[{"href":"https:\/\/unika-design.fr\/index.php?rest_route=\/wp\/v2\/types\/page"}],"author":[{"embeddable":true,"href":"https:\/\/unika-design.fr\/index.php?rest_route=\/wp\/v2\/users\/1"}],"replies":[{"embeddable":true,"href":"https:\/\/unika-design.fr\/index.php?rest_route=%2Fwp%2Fv2%2Fcomments&post=118"}],"version-history":[{"count":12,"href":"https:\/\/unika-design.fr\/index.php?rest_route=\/wp\/v2\/pages\/118\/revisions"}],"predecessor-version":[{"id":321,"href":"https:\/\/unika-design.fr\/index.php?rest_route=\/wp\/v2\/pages\/118\/revisions\/321"}],"wp:attachment":[{"href":"https:\/\/unika-design.fr\/index.php?rest_route=%2Fwp%2Fv2%2Fmedia&parent=118"}],"curies":[{"name":"wp","href":"https:\/\/api.w.org\/{rel}","templated":true}]}}