{"id":114,"date":"2023-10-29T09:08:43","date_gmt":"2023-10-29T09:08:43","guid":{"rendered":"https:\/\/unika-design.fr\/?page_id=114"},"modified":"2025-10-10T11:57:59","modified_gmt":"2025-10-10T11:57:59","slug":"accueil","status":"publish","type":"page","link":"https:\/\/unika-design.fr\/","title":{"rendered":"Accueil"},"content":{"rendered":"<section class=\"bde-section-114-106 bde-section\">\n  \n\t\n\n\n\n<div class=\"section-container\"><div class=\"bde-div-114-107 bde-div\" data-entrance=\"fade\">\n  \n\t\n\n\n\n<h1 class=\"bde-heading-114-108 bde-heading\">\nTransformez vos espaces, R\u00e9alisez vos r\u00eaves.\n<\/h1><div class=\"bde-text-114-109 bde-text\">\nNous red\u00e9finissons votre int\u00e9rieur pour qu'il refl\u00e8te votre personnalit\u00e9.\n<\/div>\n<\/div><\/div>\n<\/section><section class=\"bde-section-114-195 bde-section\">\n  \n\t\n\n\n\n<div class=\"section-container\"><div class=\"bde-grid-114-205 bde-grid\">\n  \n\t\n\n\n\n<div class=\"bde-div-114-206 bde-div\" data-parallax=\"true\">\n  \n\t\n\n\n\n<div class=\"bde-image-114-208 bde-image\">\n<figure class=\"breakdance-image breakdance-image--152\">\n\t<div class=\"breakdance-image-container\">\n\t\t<div class=\"breakdance-image-clip\"><img loading=\"lazy\" decoding=\"async\" class=\"breakdance-image-object\" src=\"http:\/\/unika-design.fr\/wp-content\/uploads\/2023\/11\/image-site-2-scaled.jpg\" width=\"2560\" height=\"1664\" srcset=\"https:\/\/unika-design.fr\/wp-content\/uploads\/2023\/11\/image-site-2-scaled.jpg 2560w, https:\/\/unika-design.fr\/wp-content\/uploads\/2023\/11\/image-site-2-300x195.jpg 300w, https:\/\/unika-design.fr\/wp-content\/uploads\/2023\/11\/image-site-2-1024x666.jpg 1024w, https:\/\/unika-design.fr\/wp-content\/uploads\/2023\/11\/image-site-2-768x499.jpg 768w, https:\/\/unika-design.fr\/wp-content\/uploads\/2023\/11\/image-site-2-1536x998.jpg 1536w, https:\/\/unika-design.fr\/wp-content\/uploads\/2023\/11\/image-site-2-2048x1331.jpg 2048w\" sizes=\"(max-width: 2560px) 100vw, 2560px\"><\/div>\n\t<\/div><\/figure>\n\n<\/div>\n<\/div><div class=\"bde-div-114-114 bde-div\">\n  \n\t\n\n\n\n<div class=\"bde-div-114-115 bde-div\" data-entrance=\"fade\">\n  \n\t\n\n\n\n<h2 class=\"bde-heading-114-116 bde-heading\">\nUnika\n<\/h2><div class=\"bde-text-114-117 bde-text\">\nDepuis quelques ann\u00e9es, nous avons eu l'honneur d'accompagner de nombreux clients dans la transformation de leurs espaces. Notre passion ? Donner vie \u00e0 vos id\u00e9es, du simple conseil en d\u00e9coration \u00e0 la restructuration compl\u00e8te de votre int\u00e9rieur.\n<\/div>\n<\/div><div class=\"bde-grid-114-190 bde-grid\" data-entrance=\"fade\">\n  \n\t\n\n\n\n<div class=\"bde-div-114-191 bde-div\">\n  \n\t\n\n\n\n<div class=\"bde-fancy-divider-114-192 bde-fancy-divider\">\n\n\n<div class=\"bde-fancy-divider__wrapper\">\n  <div class=\"bde-fancy-divider__separator   \">\n  \t  <\/div>\n<\/div>\n\n<\/div>\n<\/div><div class=\"bde-div-114-193 bde-div\">\n  \n\t\n\n\n\n<div class=\"bde-button-114-194 bde-button\">\n    \n                                    \n    \n    \n    \n    \n            \n                    \n            \n            \n\n    \n    \n    \n    \n    \n    <a class=\"breakdance-link button-atom button-atom--primary bde-button__button\" href=\"https:\/\/unika-design.fr\/?page_id=116\" target=\"_self\" data-type=\"url\"  >\n\n    \n        <span class=\"button-atom__text\">En savoir plus<\/span>\n\n        \n        \n                <\/a>\n\n    \n\n\n<\/div>\n<\/div>\n<\/div>\n<\/div><div class=\"bde-div-114-207 bde-div\" data-parallax=\"true\">\n  \n\t\n\n\n\n<div class=\"bde-image-114-209 bde-image\">\n<figure class=\"breakdance-image breakdance-image--127\">\n\t<div class=\"breakdance-image-container\">\n\t\t<div class=\"breakdance-image-clip\"><img loading=\"lazy\" decoding=\"async\" class=\"breakdance-image-object\" src=\"http:\/\/unika-design.fr\/wp-content\/uploads\/2023\/10\/katja-rooke-77JACslA8G0-unsplash-scaled.jpg\" width=\"2560\" height=\"1920\" srcset=\"https:\/\/unika-design.fr\/wp-content\/uploads\/2023\/10\/katja-rooke-77JACslA8G0-unsplash-scaled.jpg 2560w, https:\/\/unika-design.fr\/wp-content\/uploads\/2023\/10\/katja-rooke-77JACslA8G0-unsplash-300x225.jpg 300w, https:\/\/unika-design.fr\/wp-content\/uploads\/2023\/10\/katja-rooke-77JACslA8G0-unsplash-1024x768.jpg 1024w, https:\/\/unika-design.fr\/wp-content\/uploads\/2023\/10\/katja-rooke-77JACslA8G0-unsplash-768x576.jpg 768w, https:\/\/unika-design.fr\/wp-content\/uploads\/2023\/10\/katja-rooke-77JACslA8G0-unsplash-1536x1152.jpg 1536w, https:\/\/unika-design.fr\/wp-content\/uploads\/2023\/10\/katja-rooke-77JACslA8G0-unsplash-2048x1536.jpg 2048w\" sizes=\"(max-width: 2560px) 100vw, 2560px\"><\/div>\n\t<\/div><\/figure>\n\n<\/div>\n<\/div>\n<\/div><\/div>\n<\/section><section class=\"bde-section-114-210 bde-section\">\n  \n\t\n\n\n\n<div class=\"section-container\"><div class=\"bde-grid-114-211 bde-grid\">\n  \n\t\n\n\n\n<div class=\"bde-div-114-223 bde-div\" data-parallax=\"true\">\n  \n\t\n\n\n\n<div class=\"bde-image-114-224 bde-image\">\n<figure class=\"breakdance-image breakdance-image--280\">\n\t<div class=\"breakdance-image-container\">\n\t\t<div class=\"breakdance-image-clip\"><img loading=\"lazy\" decoding=\"async\" class=\"breakdance-image-object\" src=\"http:\/\/unika-design.fr\/wp-content\/uploads\/2023\/11\/DALL\u00b7E-2023-11-20-14.33.25-A-professional-quality-photo-of-the-facade-of-an-architecture-firm-designed-in-Japandi-style-without-any-text-or-writing.-The-building-showcases-a-s.png\" width=\"1024\" height=\"1024\" srcset=\"https:\/\/unika-design.fr\/wp-content\/uploads\/2023\/11\/DALL\u00b7E-2023-11-20-14.33.25-A-professional-quality-photo-of-the-facade-of-an-architecture-firm-designed-in-Japandi-style-without-any-text-or-writing.-The-building-showcases-a-s.png 1024w, https:\/\/unika-design.fr\/wp-content\/uploads\/2023\/11\/DALL\u00b7E-2023-11-20-14.33.25-A-professional-quality-photo-of-the-facade-of-an-architecture-firm-designed-in-Japandi-style-without-any-text-or-writing.-The-building-showcases-a-s-300x300.png 300w, https:\/\/unika-design.fr\/wp-content\/uploads\/2023\/11\/DALL\u00b7E-2023-11-20-14.33.25-A-professional-quality-photo-of-the-facade-of-an-architecture-firm-designed-in-Japandi-style-without-any-text-or-writing.-The-building-showcases-a-s-150x150.png 150w, https:\/\/unika-design.fr\/wp-content\/uploads\/2023\/11\/DALL\u00b7E-2023-11-20-14.33.25-A-professional-quality-photo-of-the-facade-of-an-architecture-firm-designed-in-Japandi-style-without-any-text-or-writing.-The-building-showcases-a-s-768x768.png 768w\" sizes=\"(max-width: 1024px) 100vw, 1024px\"><\/div>\n\t<\/div><\/figure>\n\n<\/div>\n<\/div><div class=\"bde-div-114-214 bde-div\">\n  \n\t\n\n\n\n<div class=\"bde-div-114-215 bde-div\" data-entrance=\"fade\">\n  \n\t\n\n\n\n<h2 class=\"bde-heading-114-216 bde-heading\">\nConcept Store\n<\/h2><div class=\"bde-text-114-217 bde-text\">\nDans notre Concept Store Unika, chaque objet a une histoire \u00e0 raconter. Nous avons s\u00e9lectionn\u00e9 avec soin des pi\u00e8ces uniques qui allient esth\u00e9tique et fonctionnalit\u00e9, offrant une exp\u00e9rience de d\u00e9coration int\u00e9rieure hors du commun.\n<\/div>\n<\/div><div class=\"bde-grid-114-218 bde-grid\" data-entrance=\"fade\">\n  \n\t\n\n\n\n<div class=\"bde-div-114-219 bde-div\">\n  \n\t\n\n\n\n<div class=\"bde-fancy-divider-114-220 bde-fancy-divider\">\n\n\n<div class=\"bde-fancy-divider__wrapper\">\n  <div class=\"bde-fancy-divider__separator   \">\n  \t  <\/div>\n<\/div>\n\n<\/div>\n<\/div><div class=\"bde-div-114-221 bde-div\">\n  \n\t\n\n\n\n<div class=\"bde-button-114-222 bde-button\">\n    \n                                    \n    \n    \n    \n    \n            \n                    \n            \n            \n\n    \n    \n    \n    \n    \n    <a class=\"breakdance-link button-atom button-atom--primary bde-button__button\" href=\"https:\/\/unika-design.fr\/?page_id=120\" target=\"_self\" data-type=\"url\"  >\n\n    \n        <span class=\"button-atom__text\">En voir plus<\/span>\n\n        \n        \n                <\/a>\n\n    \n\n\n<\/div>\n<\/div>\n<\/div>\n<\/div><div class=\"bde-div-114-212 bde-div\" data-parallax=\"true\">\n  \n\t\n\n\n\n<div class=\"bde-image-114-213 bde-image\">\n<figure class=\"breakdance-image breakdance-image--276\">\n\t<div class=\"breakdance-image-container\">\n\t\t<div class=\"breakdance-image-clip\"><img loading=\"lazy\" decoding=\"async\" class=\"breakdance-image-object\" src=\"http:\/\/unika-design.fr\/wp-content\/uploads\/2023\/11\/DALL\u00b7E-2023-11-20-14.18.29-A-professional-quality-photo-of-a-boutique-designed-in-Japandi-style-combining-Scandinavian-simplicity-with-Japanese-elegance.-The-boutique-is-spacio.png\" width=\"1024\" height=\"1024\" srcset=\"https:\/\/unika-design.fr\/wp-content\/uploads\/2023\/11\/DALL\u00b7E-2023-11-20-14.18.29-A-professional-quality-photo-of-a-boutique-designed-in-Japandi-style-combining-Scandinavian-simplicity-with-Japanese-elegance.-The-boutique-is-spacio.png 1024w, https:\/\/unika-design.fr\/wp-content\/uploads\/2023\/11\/DALL\u00b7E-2023-11-20-14.18.29-A-professional-quality-photo-of-a-boutique-designed-in-Japandi-style-combining-Scandinavian-simplicity-with-Japanese-elegance.-The-boutique-is-spacio-300x300.png 300w, https:\/\/unika-design.fr\/wp-content\/uploads\/2023\/11\/DALL\u00b7E-2023-11-20-14.18.29-A-professional-quality-photo-of-a-boutique-designed-in-Japandi-style-combining-Scandinavian-simplicity-with-Japanese-elegance.-The-boutique-is-spacio-150x150.png 150w, https:\/\/unika-design.fr\/wp-content\/uploads\/2023\/11\/DALL\u00b7E-2023-11-20-14.18.29-A-professional-quality-photo-of-a-boutique-designed-in-Japandi-style-combining-Scandinavian-simplicity-with-Japanese-elegance.-The-boutique-is-spacio-768x768.png 768w\" sizes=\"(max-width: 1024px) 100vw, 1024px\"><\/div>\n\t<\/div><\/figure>\n\n<\/div>\n<\/div>\n<\/div><\/div>\n<\/section><section class=\"bde-section-114-174 bde-section\">\n  \n\t\n\n\n\n<div class=\"section-container\"><div class=\"bde-columns-114-175 bde-columns\" data-entrance=\"fade\"><div class=\"bde-column-114-176 bde-column\" data-parallax=\"true\">\n  \n\t\n\n\n\n<div class=\"bde-image-114-177 bde-image\">\n<figure class=\"breakdance-image breakdance-image--125\">\n\t<div class=\"breakdance-image-container\">\n\t\t<div class=\"breakdance-image-clip\"><img loading=\"lazy\" decoding=\"async\" class=\"breakdance-image-object\" src=\"http:\/\/unika-design.fr\/wp-content\/uploads\/2023\/10\/alona-gross-b4KP3UoypCY-unsplash-scaled.jpg\" width=\"2560\" height=\"1280\" srcset=\"https:\/\/unika-design.fr\/wp-content\/uploads\/2023\/10\/alona-gross-b4KP3UoypCY-unsplash-scaled.jpg 2560w, https:\/\/unika-design.fr\/wp-content\/uploads\/2023\/10\/alona-gross-b4KP3UoypCY-unsplash-300x150.jpg 300w, https:\/\/unika-design.fr\/wp-content\/uploads\/2023\/10\/alona-gross-b4KP3UoypCY-unsplash-1024x512.jpg 1024w, https:\/\/unika-design.fr\/wp-content\/uploads\/2023\/10\/alona-gross-b4KP3UoypCY-unsplash-768x384.jpg 768w, https:\/\/unika-design.fr\/wp-content\/uploads\/2023\/10\/alona-gross-b4KP3UoypCY-unsplash-1536x768.jpg 1536w, https:\/\/unika-design.fr\/wp-content\/uploads\/2023\/10\/alona-gross-b4KP3UoypCY-unsplash-2048x1024.jpg 2048w\" sizes=\"(max-width: 2560px) 100vw, 2560px\"><\/div>\n\t<\/div><\/figure>\n\n<\/div>\n<\/div><div class=\"bde-column-114-178 bde-column\">\n  \n\t\n\n\n\n<h2 class=\"bde-heading-114-183 bde-heading\">\nNos services\n<\/h2><div class=\"bde-text-114-241 bde-text\">\nNous offrons une gamme compl\u00e8te de services d'architecture d'int\u00e9rieur et de d\u00e9coration pour transformer votre espace en un lieu qui vous ressemble v\u00e9ritablement.\n<\/div><div class=\"bde-icon-box-114-179 bde-icon-box\">\n\n    \n            <div class=\"ee-iconbox-icon breakdance-icon-atom\" >\n    \n                    <svg xmlns=\"http:\/\/www.w3.org\/2000\/svg\" id=\"icon-home\" viewBox=\"0 0 32 32\">\n<path d=\"M32 18.451l-16-12.42-16 12.42v-5.064l16-12.42 16 12.42zM28 18v12h-8v-8h-8v8h-8v-12l12-9z\"\/>\n<\/svg>\n        \n        \n        \n            <\/div>\n    \n\n<div class=\"ee-iconbox-content\">\n      <p class=\"ee-iconbox-title bde-h3\" >R\u00e9habilitation et r\u00e9am\u00e9nagement<\/p>\n        <div class=\"ee-iconbox-text\" >Donnez une nouvelle vie \u00e0 vos espaces. Que ce soit pour un appartement, une maison ou un espace de travail, notre \u00e9quipe experte apporte une touche de modernit\u00e9 tout en pr\u00e9servant l'\u00e2me de votre espace.<\/div>\n    <\/div>\n\n<\/div><div class=\"bde-icon-box-114-180 bde-icon-box\">\n\n    \n            <div class=\"ee-iconbox-icon breakdance-icon-atom\" >\n    \n                    <svg xmlns=\"http:\/\/www.w3.org\/2000\/svg\" viewBox=\"0 0 448 512\"><!-- Font Awesome Free 5.15.1 by @fontawesome - https:\/\/fontawesome.com License - https:\/\/fontawesome.com\/license\/free (Icons: CC BY 4.0, Fonts: SIL OFL 1.1, Code: MIT License) --><path d=\"M422.19 109.95L256.21 9.07c-19.91-12.1-44.52-12.1-64.43 0L25.81 109.95c-5.32 3.23-5.29 11.27.06 14.46L224 242.55l198.14-118.14c5.35-3.19 5.38-11.22.05-14.46zm13.84 44.63L240 271.46v223.82c0 12.88 13.39 20.91 24.05 14.43l152.16-92.48c19.68-11.96 31.79-33.94 31.79-57.7v-197.7c0-6.41-6.64-10.43-11.97-7.25zM0 161.83v197.7c0 23.77 12.11 45.74 31.79 57.7l152.16 92.47c10.67 6.48 24.05-1.54 24.05-14.43V271.46L11.97 154.58C6.64 151.4 0 155.42 0 161.83z\"\/><\/svg>\n        \n        \n        \n            <\/div>\n    \n\n<div class=\"ee-iconbox-content\">\n      <p class=\"ee-iconbox-title bde-h3\" >Conception 3D et plans\u00a0<\/p>\n        <div class=\"ee-iconbox-text\" >Visualisez le potentiel de votre espace avant m\u00eame le d\u00e9but des travaux. Notre \u00e9quipe utilise des outils de conception 3D de pointe pour cr\u00e9er des visualisations d\u00e9taill\u00e9es, vous permettant de voir votre projet prendre forme.<\/div>\n    <\/div>\n\n<\/div><div class=\"bde-icon-box-114-181 bde-icon-box\">\n\n    \n            <div class=\"ee-iconbox-icon breakdance-icon-atom\" >\n    \n                    <svg xmlns=\"http:\/\/www.w3.org\/2000\/svg\" viewBox=\"0 0 512 512\"><!-- Font Awesome Free 5.15.1 by @fontawesome - https:\/\/fontawesome.com License - https:\/\/fontawesome.com\/license\/free (Icons: CC BY 4.0, Fonts: SIL OFL 1.1, Code: MIT License) --><path d=\"M501.1 395.7L384 278.6c-23.1-23.1-57.6-27.6-85.4-13.9L192 158.1V96L64 0 0 64l96 128h62.1l106.6 106.6c-13.6 27.8-9.2 62.3 13.9 85.4l117.1 117.1c14.6 14.6 38.2 14.6 52.7 0l52.7-52.7c14.5-14.6 14.5-38.2 0-52.7zM331.7 225c28.3 0 54.9 11 74.9 31l19.4 19.4c15.8-6.9 30.8-16.5 43.8-29.5 37.1-37.1 49.7-89.3 37.9-136.7-2.2-9-13.5-12.1-20.1-5.5l-74.4 74.4-67.9-11.3L334 98.9l74.4-74.4c6.6-6.6 3.4-17.9-5.7-20.2-47.4-11.7-99.6.9-136.6 37.9-28.5 28.5-41.9 66.1-41.2 103.6l82.1 82.1c8.1-1.9 16.5-2.9 24.7-2.9zm-103.9 82l-56.7-56.7L18.7 402.8c-25 25-25 65.5 0 90.5s65.5 25 90.5 0l123.6-123.6c-7.6-19.9-9.9-41.6-5-62.7zM64 472c-13.2 0-24-10.8-24-24 0-13.3 10.7-24 24-24s24 10.7 24 24c0 13.2-10.7 24-24 24z\"\/><\/svg>\n        \n        \n        \n            <\/div>\n    \n\n<div class=\"ee-iconbox-content\">\n      <p class=\"ee-iconbox-title bde-h3\" >Coordination de chantier\u00a0<\/p>\n        <div class=\"ee-iconbox-text\" >Harmonisez votre int\u00e9rieur avec un agencement sur mesure. De la s\u00e9lection du mobilier \u00e0 l'optimisation de l'espace, nous cr\u00e9ons des environnements \u00e0 la fois esth\u00e9tiques et fonctionnels, adapt\u00e9s \u00e0 vos besoins et \u00e0 votre style de vie.<\/div>\n    <\/div>\n\n<\/div><div class=\"bde-grid-114-235 bde-grid\" data-entrance=\"fade\">\n  \n\t\n\n\n\n<div class=\"bde-div-114-236 bde-div\">\n  \n\t\n\n\n\n<div class=\"bde-fancy-divider-114-237 bde-fancy-divider\">\n\n\n<div class=\"bde-fancy-divider__wrapper\">\n  <div class=\"bde-fancy-divider__separator   \">\n  \t  <\/div>\n<\/div>\n\n<\/div>\n<\/div><div class=\"bde-div-114-238 bde-div\">\n  \n\t\n\n\n\n<div class=\"bde-button-114-239 bde-button\">\n    \n                                    \n    \n    \n    \n    \n            \n                    \n            \n            \n\n    \n    \n    \n    \n    \n    <a class=\"breakdance-link button-atom button-atom--primary bde-button__button\" href=\"https:\/\/unika-design.fr\/?page_id=118\" target=\"_self\" data-type=\"url\"  >\n\n    \n        <span class=\"button-atom__text\">En voir plus<\/span>\n\n        \n        \n                <\/a>\n\n    \n\n\n<\/div>\n<\/div>\n<\/div>\n<\/div><\/div><\/div>\n<\/section><div class=\"bde-globalblock-114-240 bde-globalblock\">\n<div id=\"section\" class=\"bde-div-215-100-215-1 bde-div bde-div-215-100\">\n              \n  \n\t\n\n  <div class=\"section-background-overlay\"><\/div>\n\n\n<div class=\"bde-div-215-101-215-1 bde-div bde-div-215-101\">\n  \n\t\n\n\n\n<h2 class=\"bde-heading-215-102-215-1 bde-heading bde-heading-215-102\">\nParlez-nous de votre projet d\u00e8s maintenant !\n<\/h2><div class=\"bde-text-215-103-215-1 bde-text bde-text-215-103\">\nVous avez des questions ou besoin d'un devis pour votre projet ? Contactez-nous et notre \u00e9quipe vous r\u00e9pondra dans les plus brefs d\u00e9lais.\n<\/div><div class=\"bde-grid-215-104-215-1 bde-grid bde-grid-215-104\" data-entrance=\"fade\">\n  \n\t\n\n\n\n<div class=\"bde-div-215-105-215-1 bde-div bde-div-215-105\">\n  \n\t\n\n\n\n<div class=\"bde-fancy-divider-215-106-215-1 bde-fancy-divider bde-fancy-divider-215-106\">\n\n\n<div class=\"bde-fancy-divider__wrapper\">\n  <div class=\"bde-fancy-divider__separator   \">\n  \t  <\/div>\n<\/div>\n\n<\/div>\n<\/div><div class=\"bde-div-215-107-215-1 bde-div bde-div-215-107\">\n  \n\t\n\n\n\n<div class=\"bde-button-215-108-215-1 bde-button bde-button-215-108\">\n    \n                                    \n    \n    \n    \n    \n            \n                    \n            \n            \n\n    \n    \n    \n    \n    \n    <a class=\"breakdance-link button-atom button-atom--primary bde-button__button\" href=\"https:\/\/unika-design.fr\/?page_id=122\" target=\"_self\" data-type=\"url\"  >\n\n    \n        <span class=\"button-atom__text\">Contact<\/span>\n\n        \n        \n                <\/a>\n\n    \n\n\n<\/div>\n<\/div>\n<\/div>\n<\/div>\n<\/div>\n<\/div>","protected":false},"excerpt":{"rendered":"<p>Transformez vos espaces, R\u00e9alisez vos r\u00eaves. Nous red\u00e9finissons votre int\u00e9rieur pour qu&rsquo;il refl\u00e8te votre personnalit\u00e9. Unika Depuis quelques ann\u00e9es, nous avons eu l&rsquo;honneur d&rsquo;accompagner de nombreux clients dans la transformation de leurs espaces. Notre passion ? Donner vie \u00e0 vos id\u00e9es, du simple conseil en d\u00e9coration \u00e0 la restructuration compl\u00e8te de votre int\u00e9rieur. En savoir [&hellip;]<\/p>\n","protected":false},"author":1,"featured_media":0,"parent":0,"menu_order":0,"comment_status":"closed","ping_status":"closed","template":"","meta":{"footnotes":"","_breakdance_hide_in_design_set":false,"_breakdance_tags":""},"aioseo_notices":[],"_links":{"self":[{"href":"https:\/\/unika-design.fr\/index.php?rest_route=\/wp\/v2\/pages\/114"}],"collection":[{"href":"https:\/\/unika-design.fr\/index.php?rest_route=\/wp\/v2\/pages"}],"about":[{"href":"https:\/\/unika-design.fr\/index.php?rest_route=\/wp\/v2\/types\/page"}],"author":[{"embeddable":true,"href":"https:\/\/unika-design.fr\/index.php?rest_route=\/wp\/v2\/users\/1"}],"replies":[{"embeddable":true,"href":"https:\/\/unika-design.fr\/index.php?rest_route=%2Fwp%2Fv2%2Fcomments&post=114"}],"version-history":[{"count":73,"href":"https:\/\/unika-design.fr\/index.php?rest_route=\/wp\/v2\/pages\/114\/revisions"}],"predecessor-version":[{"id":365,"href":"https:\/\/unika-design.fr\/index.php?rest_route=\/wp\/v2\/pages\/114\/revisions\/365"}],"wp:attachment":[{"href":"https:\/\/unika-design.fr\/index.php?rest_route=%2Fwp%2Fv2%2Fmedia&parent=114"}],"curies":[{"name":"wp","href":"https:\/\/api.w.org\/{rel}","templated":true}]}}